{"id":195,"date":"2025-07-27T16:24:10","date_gmt":"2025-07-27T16:24:10","guid":{"rendered":"https:\/\/ostpreussen-niedersachsen.de\/?page_id=195"},"modified":"2026-02-28T10:01:46","modified_gmt":"2026-02-28T10:01:46","slug":"willkommen","status":"publish","type":"page","link":"https:\/\/ostpreussen-niedersachsen.de\/","title":{"rendered":"Willkommen"},"content":{"rendered":"<p><a href=\"https:\/\/ostpreussen-niedersachsen.de\/wp-content\/uploads\/2025\/07\/P1000091-2.jpg\"><img loading=\"lazy\" decoding=\"async\" width=\"173\" height=\"196\" title=\"P1000091\" align=\"right\" style=\"float: right; display: inline; background-image: none;\" alt=\"P1000091\" src=\"https:\/\/ostpreussen-niedersachsen.de\/wp-content\/uploads\/2025\/07\/P1000091_thumb-1.jpg\" border=\"0\"><\/a>Wir begr\u00fc\u00dfen Sie herzlich auf der Internetpr\u00e4senz unserer nieders\u00e4chsischen Landesgruppe der Landsmannschaft Ostpreu\u00dfen!<\/p>\n<p>Wir Ostpreu\u00dfen sind mit Dem Herzen der alten Heimat verbunden und treten auf Basis der Charta Der Heimatvertrieben f\u00fcr einen friedlichen Ausgleich und Partnerschaft mit den Menschen ein, die nun in unserer alten Heimat leben.<\/p>\n<p>Wir reichen ihnen die Hand und stehen f\u00fcr Frieden und V\u00f6lkerverst\u00e4ndigung.<\/p>\n<p>\u201eHeimat bleibt Heimat<\/p>\n<p>Egal wo man lebt<\/p>\n<p>Wohin man auch geht<\/p>\n<p>Wo immer man bleibt\u201c<\/p>\n<p>In diesem Sinne wollen wir unser Bestes tun f\u00fcr unsere Heimat Ostpreu\u00dfen!<\/p>\n<p><\/p>\n<p><a href=\"https:\/\/ostpreussen-niedersachsen.de\/wp-content\/uploads\/2026\/02\/Wolfsburg2026.jpg\"><img loading=\"lazy\" decoding=\"async\" width=\"504\" height=\"846\" title=\"Wolfsburg2026\" style=\"display: inline; background-image: none;\" alt=\"Wolfsburg2026\" src=\"https:\/\/ostpreussen-niedersachsen.de\/wp-content\/uploads\/2026\/02\/Wolfsburg2026_thumb.jpg\" border=\"0\"><\/a><\/p>\n","protected":false},"excerpt":{"rendered":"<p>Wir begr\u00fc\u00dfen Sie herzlich auf der Internetpr\u00e4senz unserer nieders\u00e4chsischen Landesgruppe der Landsmannschaft Ostpreu\u00dfen! Wir Ostpreu\u00dfen sind mit Dem Herzen der alten Heimat verbunden und treten auf Basis der Charta Der&hellip; <\/p>\n","protected":false},"author":1,"featured_media":0,"parent":0,"menu_order":0,"comment_status":"closed","ping_status":"closed","template":"","meta":{"footnotes":""},"class_list":["post-195","page","type-page","status-publish","hentry"],"jetpack_sharing_enabled":true,"_links":{"self":[{"href":"https:\/\/ostpreussen-niedersachsen.de\/index.php?rest_route=\/wp\/v2\/pages\/195","targetHints":{"allow":["GET"]}}],"collection":[{"href":"https:\/\/ostpreussen-niedersachsen.de\/index.php?rest_route=\/wp\/v2\/pages"}],"about":[{"href":"https:\/\/ostpreussen-niedersachsen.de\/index.php?rest_route=\/wp\/v2\/types\/page"}],"author":[{"embeddable":true,"href":"https:\/\/ostpreussen-niedersachsen.de\/index.php?rest_route=\/wp\/v2\/users\/1"}],"replies":[{"embeddable":true,"href":"https:\/\/ostpreussen-niedersachsen.de\/index.php?rest_route=%2Fwp%2Fv2%2Fcomments&post=195"}],"version-history":[{"count":5,"href":"https:\/\/ostpreussen-niedersachsen.de\/index.php?rest_route=\/wp\/v2\/pages\/195\/revisions"}],"predecessor-version":[{"id":253,"href":"https:\/\/ostpreussen-niedersachsen.de\/index.php?rest_route=\/wp\/v2\/pages\/195\/revisions\/253"}],"wp:attachment":[{"href":"https:\/\/ostpreussen-niedersachsen.de\/index.php?rest_route=%2Fwp%2Fv2%2Fmedia&parent=195"}],"curies":[{"name":"wp","href":"https:\/\/api.w.org\/{rel}","templated":true}]}}